{"id":237,"date":"2021-09-02T11:28:49","date_gmt":"2021-09-02T09:28:49","guid":{"rendered":"https:\/\/tokiko.eus\/?page_id=237"},"modified":"2021-12-17T10:06:44","modified_gmt":"2021-12-17T09:06:44","slug":"arla","status":"publish","type":"page","link":"https:\/\/tokiko.eus\/index.php\/arla\/","title":{"rendered":"Arla"},"content":{"rendered":"\n[et_pb_section fb_built=\u00a0\u00bb1&Prime; _builder_version=\u00a0\u00bb4.10.4&Prime; _module_preset=\u00a0\u00bbdefault\u00a0\u00bb background_color=\u00a0\u00bbrgba(239,226,174,0.39)\u00a0\u00bb global_colors_info=\u00a0\u00bb{}\u00a0\u00bb][et_pb_row column_structure=\u00a0\u00bb3_5,2_5&Prime; use_custom_gutter=\u00a0\u00bbon\u00a0\u00bb gutter_width=\u00a0\u00bb2&Prime; _builder_version=\u00a0\u00bb4.10.5&Prime; _module_preset=\u00a0\u00bbdefault\u00a0\u00bb background_color=\u00a0\u00bbrgba(255,255,255,0.52)\u00a0\u00bb global_colors_info=\u00a0\u00bb{}\u00a0\u00bb][et_pb_column type=\u00a0\u00bb3_5&Prime; _builder_version=\u00a0\u00bb4.10.4&Prime; _module_preset=\u00a0\u00bbdefault\u00a0\u00bb global_colors_info=\u00a0\u00bb{}\u00a0\u00bb][et_pb_gallery gallery_ids=\u00a0\u00bb253,242,240,241,243,244,245,246,247,248,249,250,251,252,254&Prime; show_title_and_caption=\u00a0\u00bboff\u00a0\u00bb _builder_version=\u00a0\u00bb4.10.5&Prime; _module_preset=\u00a0\u00bbdefault\u00a0\u00bb custom_margin=\u00a0\u00bb|||20px|false|false\u00a0\u00bb custom_padding=\u00a0\u00bb0px||||false|false\u00a0\u00bb global_colors_info=\u00a0\u00bb{}\u00a0\u00bb][\/et_pb_gallery][\/et_pb_column][et_pb_column type=\u00a0\u00bb2_5&Prime; _builder_version=\u00a0\u00bb4.10.4&Prime; _module_preset=\u00a0\u00bbdefault\u00a0\u00bb global_colors_info=\u00a0\u00bb{}\u00a0\u00bb][et_pb_text _builder_version=\u00a0\u00bb4.10.5&Prime; _module_preset=\u00a0\u00bbdefault\u00a0\u00bb header_2_font=\u00a0\u00bbKOMIKAX||||||||\u00a0\u00bb header_2_text_align=\u00a0\u00bbcenter\u00a0\u00bb custom_padding=\u00a0\u00bb0px|||||\u00a0\u00bb global_colors_info=\u00a0\u00bb{}\u00a0\u00bb]<h2>Arla<\/h2>\n<p>&nbsp;<\/p>\n<p>&nbsp;<\/p>[\/et_pb_text][et_pb_text _builder_version=\u00a0\u00bb4.10.5&Prime; _module_preset=\u00a0\u00bbdefault\u00a0\u00bb global_colors_info=\u00a0\u00bb{}\u00a0\u00bb]<p>Perrine et Bastien Paysan-e-s Fromager-e-s<\/p>[\/et_pb_text][et_pb_image src=\u00a0\u00bbhttps:\/\/tokiko.eus\/wp-content\/uploads\/2021\/08\/1200px-AB-light.png\u00a0\u00bb title_text=\u00a0\u00bb1200px-AB-light\u00a0\u00bb _builder_version=\u00a0\u00bb4.10.5&Prime; _module_preset=\u00a0\u00bbdefault\u00a0\u00bb width=\u00a0\u00bb26%\u00a0\u00bb module_alignment=\u00a0\u00bbcenter\u00a0\u00bb global_colors_info=\u00a0\u00bb{}\u00a0\u00bb][\/et_pb_image][et_pb_text _builder_version=\u00a0\u00bb4.10.5&Prime; _module_preset=\u00a0\u00bbdefault\u00a0\u00bb global_colors_info=\u00a0\u00bb{}\u00a0\u00bb][\/et_pb_text][\/et_pb_column][\/et_pb_row][et_pb_row _builder_version=\u00a0\u00bb4.10.4&Prime; _module_preset=\u00a0\u00bbdefault\u00a0\u00bb global_colors_info=\u00a0\u00bb{}\u00a0\u00bb][et_pb_column type=\u00a0\u00bb4_4&Prime; _builder_version=\u00a0\u00bb4.10.4&Prime; _module_preset=\u00a0\u00bbdefault\u00a0\u00bb global_colors_info=\u00a0\u00bb{}\u00a0\u00bb][et_pb_text _builder_version=\u00a0\u00bb4.10.5&Prime; _module_preset=\u00a0\u00bbdefault\u00a0\u00bb hover_enabled=\u00a0\u00bb0&Prime; global_colors_info=\u00a0\u00bb{}\u00a0\u00bb custom_padding=\u00a0\u00bb6px|6px|6px|6px|false|false\u00a0\u00bb border_radii=\u00a0\u00bbon|12px|12px|12px|12px\u00a0\u00bb border_width_all=\u00a0\u00bb3px\u00a0\u00bb sticky_enabled=\u00a0\u00bb0&Prime;]<p>Apr\u00e8s quelques ann\u00e9es de formations et de salariats agricoles\u00a0; c\u2019est \u00e0 l\u2019automne 2018 gr\u00e2ce au soutien de <strong>Lurzaindia<\/strong>\u00a0(qui milite pour la pr\u00e9servation de la terre agricole) que nous avons eu l\u2019opportunit\u00e9 de nous installer en tant que Paysan\/Paysanne \u00e0 <strong>Saint Just-Ibarre<\/strong>.<\/p>\n<p>C\u2019est donc aux pieds de la <strong>For\u00eat des Arbailles<\/strong>, non loin des sources de la <strong>Bidouze<\/strong> que nous \u00e9levons notre troupeau de brebis Manech t\u00eate noire (race rustique du Pays Basque).<\/p>\n<p>Passionn\u00e9s par les brebis et la transformation fromag\u00e8re, de janvier \u00e0 juin nous trayons les brebis \u00e0 la main et nous transformons la totalit\u00e9 de notre lait en diff\u00e9rents fromages : tomme traditionnelle de Brebis ( <strong>AOP Ossau-Iraty<\/strong>), fromages frais\u00a0: crottins et buches lactiques, carr\u00e9s p\u00e2te molle, breuil, fet\u2019arla et yaourts.<\/p>\n<p><strong>De Mai \u00e0 Octobre<\/strong>, pour profiter des p\u00e2turages et de la fraicheur des hauteurs, c\u2019est l\u2019estive\u00a0: les brebis et les b\u00e9liers transhument au-dessus de la maison sur la montagne de Beltxu. Ce qui nous permet de lib\u00e9rer la ferme et de faire les fourrages pour l\u2019hiver.<\/p>\n<p><strong>En Novembre<\/strong>, les mises bas commencent : c\u2019est l\u2019agnelage. Et la saison red\u00e9marre\u2026<\/p>\n<p>Durant l\u2019ann\u00e9e, les brebis sortent tous les jours dans les prairies et nous les compl\u00e9mentons avec les fourrages de la maison (foins et regains) ainsi qu\u2019une ration compl\u00e8te\u00a0compos\u00e9e d\u2019orge, ma\u00efs, luzerne et faveroles achet\u00e9s le plus localement possible.<\/p>\n<p>Dans notre volont\u00e9 de <strong>respecter l\u2019homme, les animaux et la nature<\/strong> et de proposer au consommateur un produit \u00e9thique et de qualit\u00e9 nous avons fait le choix de travailler en <strong>Agriculture Biologique<\/strong> et de valoriser au maximum ce que les brebis nous offrent en circuit court et vente directe (Tokiko, march\u00e9 AMAP etc)..<\/p>\n<p>Nous vous proposons ainsi selon la saison nos fromages frais, la tomme AOP, mais aussi de l\u2019Agneau, des merguez et des saucisses de moutons.<\/p>[\/et_pb_text][\/et_pb_column][\/et_pb_row][\/et_pb_section]\n","protected":false},"excerpt":{"rendered":"<p>Arla &nbsp; &nbsp;Perrine et Bastien Paysan-e-s Fromager-e-sApr\u00e8s quelques ann\u00e9es de formations et de salariats agricoles\u00a0; c\u2019est \u00e0 l\u2019automne 2018 gr\u00e2ce au soutien de Lurzaindia\u00a0(qui milite pour la pr\u00e9servation de la terre agricole) que nous avons eu l\u2019opportunit\u00e9 de nous installer en tant que Paysan\/Paysanne \u00e0 Saint Just-Ibarre. C\u2019est donc aux pieds de la For\u00eat des [&hellip;]<\/p>\n","protected":false},"author":1,"featured_media":0,"parent":0,"menu_order":0,"comment_status":"closed","ping_status":"closed","template":"","meta":{"_et_pb_use_builder":"on","_et_pb_old_content":"","_et_gb_content_width":"","footnotes":""},"yoast_head":"<!-- This site is optimized with the Yoast SEO plugin v22.4 - https:\/\/yoast.com\/wordpress\/plugins\/seo\/ -->\n<title>Arla - Tokiko<\/title>\n<meta name=\"description\" content=\"Bienvenue \u00e0 Tokiko, magasin de producteurs bio situ\u00e9 \u00e0 Saint-Palais, au Pays-Basque. Circuits-courts, vente directe, produits de la ferme.\" \/>\n<meta name=\"robots\" content=\"index, follow, max-snippet:-1, max-image-preview:large, max-video-preview:-1\" \/>\n<link rel=\"canonical\" href=\"https:\/\/tokiko.eus\/index.php\/arla\/\" \/>\n<meta property=\"og:locale\" content=\"fr_FR\" \/>\n<meta property=\"og:type\" content=\"article\" \/>\n<meta property=\"og:title\" content=\"Arla - Tokiko\" \/>\n<meta property=\"og:description\" content=\"Bienvenue \u00e0 Tokiko, magasin de producteurs bio situ\u00e9 \u00e0 Saint-Palais, au Pays-Basque. Circuits-courts, vente directe, produits de la ferme.\" \/>\n<meta property=\"og:url\" content=\"https:\/\/tokiko.eus\/index.php\/arla\/\" \/>\n<meta property=\"og:site_name\" content=\"Tokiko\" \/>\n<meta property=\"article:modified_time\" content=\"2021-12-17T09:06:44+00:00\" \/>\n<meta name=\"twitter:card\" content=\"summary_large_image\" \/>\n<meta name=\"twitter:label1\" content=\"Dur\u00e9e de lecture estim\u00e9e\" \/>\n\t<meta name=\"twitter:data1\" content=\"2 minutes\" \/>\n<script type=\"application\/ld+json\" class=\"yoast-schema-graph\">{\"@context\":\"https:\/\/schema.org\",\"@graph\":[{\"@type\":\"WebPage\",\"@id\":\"https:\/\/tokiko.eus\/index.php\/arla\/\",\"url\":\"https:\/\/tokiko.eus\/index.php\/arla\/\",\"name\":\"Arla - Tokiko\",\"isPartOf\":{\"@id\":\"https:\/\/tokiko.eus\/#website\"},\"datePublished\":\"2021-09-02T09:28:49+00:00\",\"dateModified\":\"2021-12-17T09:06:44+00:00\",\"description\":\"Bienvenue \u00e0 Tokiko, magasin de producteurs bio situ\u00e9 \u00e0 Saint-Palais, au Pays-Basque. Circuits-courts, vente directe, produits de la ferme.\",\"breadcrumb\":{\"@id\":\"https:\/\/tokiko.eus\/index.php\/arla\/#breadcrumb\"},\"inLanguage\":\"fr-FR\",\"potentialAction\":[{\"@type\":\"ReadAction\",\"target\":[\"https:\/\/tokiko.eus\/index.php\/arla\/\"]}]},{\"@type\":\"BreadcrumbList\",\"@id\":\"https:\/\/tokiko.eus\/index.php\/arla\/#breadcrumb\",\"itemListElement\":[{\"@type\":\"ListItem\",\"position\":1,\"name\":\"Accueil\",\"item\":\"https:\/\/tokiko.eus\/\"},{\"@type\":\"ListItem\",\"position\":2,\"name\":\"Arla\"}]},{\"@type\":\"WebSite\",\"@id\":\"https:\/\/tokiko.eus\/#website\",\"url\":\"https:\/\/tokiko.eus\/\",\"name\":\"Tokiko\",\"description\":\"Magasin de producteurs \u00e0 Saint Palais\",\"publisher\":{\"@id\":\"https:\/\/tokiko.eus\/#organization\"},\"potentialAction\":[{\"@type\":\"SearchAction\",\"target\":{\"@type\":\"EntryPoint\",\"urlTemplate\":\"https:\/\/tokiko.eus\/?s={search_term_string}\"},\"query-input\":\"required name=search_term_string\"}],\"inLanguage\":\"fr-FR\"},{\"@type\":\"Organization\",\"@id\":\"https:\/\/tokiko.eus\/#organization\",\"name\":\"Tokiko\",\"url\":\"https:\/\/tokiko.eus\/\",\"logo\":{\"@type\":\"ImageObject\",\"inLanguage\":\"fr-FR\",\"@id\":\"https:\/\/tokiko.eus\/#\/schema\/logo\/image\/\",\"url\":\"https:\/\/tokiko.eus\/wp-content\/uploads\/2021\/05\/IMG_40272.jpg\",\"contentUrl\":\"https:\/\/tokiko.eus\/wp-content\/uploads\/2021\/05\/IMG_40272.jpg\",\"width\":1669,\"height\":727,\"caption\":\"Tokiko\"},\"image\":{\"@id\":\"https:\/\/tokiko.eus\/#\/schema\/logo\/image\/\"}}]}<\/script>\n<!-- \/ Yoast SEO plugin. -->","yoast_head_json":{"title":"Arla - Tokiko","description":"Bienvenue \u00e0 Tokiko, magasin de producteurs bio situ\u00e9 \u00e0 Saint-Palais, au Pays-Basque. Circuits-courts, vente directe, produits de la ferme.","robots":{"index":"index","follow":"follow","max-snippet":"max-snippet:-1","max-image-preview":"max-image-preview:large","max-video-preview":"max-video-preview:-1"},"canonical":"https:\/\/tokiko.eus\/index.php\/arla\/","og_locale":"fr_FR","og_type":"article","og_title":"Arla - Tokiko","og_description":"Bienvenue \u00e0 Tokiko, magasin de producteurs bio situ\u00e9 \u00e0 Saint-Palais, au Pays-Basque. Circuits-courts, vente directe, produits de la ferme.","og_url":"https:\/\/tokiko.eus\/index.php\/arla\/","og_site_name":"Tokiko","article_modified_time":"2021-12-17T09:06:44+00:00","twitter_card":"summary_large_image","twitter_misc":{"Dur\u00e9e de lecture estim\u00e9e":"2 minutes"},"schema":{"@context":"https:\/\/schema.org","@graph":[{"@type":"WebPage","@id":"https:\/\/tokiko.eus\/index.php\/arla\/","url":"https:\/\/tokiko.eus\/index.php\/arla\/","name":"Arla - Tokiko","isPartOf":{"@id":"https:\/\/tokiko.eus\/#website"},"datePublished":"2021-09-02T09:28:49+00:00","dateModified":"2021-12-17T09:06:44+00:00","description":"Bienvenue \u00e0 Tokiko, magasin de producteurs bio situ\u00e9 \u00e0 Saint-Palais, au Pays-Basque. Circuits-courts, vente directe, produits de la ferme.","breadcrumb":{"@id":"https:\/\/tokiko.eus\/index.php\/arla\/#breadcrumb"},"inLanguage":"fr-FR","potentialAction":[{"@type":"ReadAction","target":["https:\/\/tokiko.eus\/index.php\/arla\/"]}]},{"@type":"BreadcrumbList","@id":"https:\/\/tokiko.eus\/index.php\/arla\/#breadcrumb","itemListElement":[{"@type":"ListItem","position":1,"name":"Accueil","item":"https:\/\/tokiko.eus\/"},{"@type":"ListItem","position":2,"name":"Arla"}]},{"@type":"WebSite","@id":"https:\/\/tokiko.eus\/#website","url":"https:\/\/tokiko.eus\/","name":"Tokiko","description":"Magasin de producteurs \u00e0 Saint Palais","publisher":{"@id":"https:\/\/tokiko.eus\/#organization"},"potentialAction":[{"@type":"SearchAction","target":{"@type":"EntryPoint","urlTemplate":"https:\/\/tokiko.eus\/?s={search_term_string}"},"query-input":"required name=search_term_string"}],"inLanguage":"fr-FR"},{"@type":"Organization","@id":"https:\/\/tokiko.eus\/#organization","name":"Tokiko","url":"https:\/\/tokiko.eus\/","logo":{"@type":"ImageObject","inLanguage":"fr-FR","@id":"https:\/\/tokiko.eus\/#\/schema\/logo\/image\/","url":"https:\/\/tokiko.eus\/wp-content\/uploads\/2021\/05\/IMG_40272.jpg","contentUrl":"https:\/\/tokiko.eus\/wp-content\/uploads\/2021\/05\/IMG_40272.jpg","width":1669,"height":727,"caption":"Tokiko"},"image":{"@id":"https:\/\/tokiko.eus\/#\/schema\/logo\/image\/"}}]}},"_links":{"self":[{"href":"https:\/\/tokiko.eus\/index.php\/wp-json\/wp\/v2\/pages\/237"}],"collection":[{"href":"https:\/\/tokiko.eus\/index.php\/wp-json\/wp\/v2\/pages"}],"about":[{"href":"https:\/\/tokiko.eus\/index.php\/wp-json\/wp\/v2\/types\/page"}],"author":[{"embeddable":true,"href":"https:\/\/tokiko.eus\/index.php\/wp-json\/wp\/v2\/users\/1"}],"replies":[{"embeddable":true,"href":"https:\/\/tokiko.eus\/index.php\/wp-json\/wp\/v2\/comments?post=237"}],"version-history":[{"count":5,"href":"https:\/\/tokiko.eus\/index.php\/wp-json\/wp\/v2\/pages\/237\/revisions"}],"predecessor-version":[{"id":431,"href":"https:\/\/tokiko.eus\/index.php\/wp-json\/wp\/v2\/pages\/237\/revisions\/431"}],"wp:attachment":[{"href":"https:\/\/tokiko.eus\/index.php\/wp-json\/wp\/v2\/media?parent=237"}],"curies":[{"name":"wp","href":"https:\/\/api.w.org\/{rel}","templated":true}]}}